{"id":1946,"date":"2021-04-08T18:52:22","date_gmt":"2021-04-08T15:52:22","guid":{"rendered":"https:\/\/www.globalturkeyclinic.com\/?page_id=1946"},"modified":"2021-04-09T10:54:00","modified_gmt":"2021-04-09T07:54:00","slug":"thankyou","status":"publish","type":"page","link":"https:\/\/www.globalturkeyclinic.com\/fr\/thankyou","title":{"rendered":"Thankyou"},"content":{"rendered":"<h2 class=\"text-success\" style=\"text-align: center;\"><i class=\"icon-smiley\"><\/i><br \/>\n<strong>Votre message a \u00e9t\u00e9 envoy\u00e9.<br \/>\nMerci de votre attention. <\/strong><\/h2>\n<p style=\"text-align: center;\">Notre repr\u00e9sentant client\u00e8le vous r\u00e9pondra dans les plus brefs d\u00e9lais.<\/p>\n","protected":false},"excerpt":{"rendered":"<p>Votre message a \u00e9t\u00e9 envoy\u00e9. Merci de votre attention. Notre repr\u00e9sentant client\u00e8le vous r\u00e9pondra dans les plus brefs d\u00e9lais.<\/p>\n","protected":false},"author":1,"featured_media":1945,"parent":0,"menu_order":0,"comment_status":"closed","ping_status":"closed","template":"","meta":{"inline_featured_image":false,"footnotes":""},"class_list":["post-1946","page","type-page","status-publish","has-post-thumbnail","hentry"],"yoast_head":"<!-- This site is optimized with the Yoast SEO plugin v24.0 - https:\/\/yoast.com\/wordpress\/plugins\/seo\/ -->\n<title>Thankyou - Hair Transplant, Plastic Surgery and Dental Aesthetics in TURKEY - Global Turkey Clinic<\/title>\n<meta name=\"robots\" content=\"index, follow, max-snippet:-1, max-image-preview:large, max-video-preview:-1\" \/>\n<link rel=\"canonical\" href=\"https:\/\/www.globalturkeyclinic.com\/fr\/thankyou\" \/>\n<meta property=\"og:locale\" content=\"fr_FR\" \/>\n<meta property=\"og:type\" content=\"article\" \/>\n<meta property=\"og:title\" content=\"Thankyou - Hair Transplant, Plastic Surgery and Dental Aesthetics in TURKEY - Global Turkey Clinic\" \/>\n<meta property=\"og:description\" content=\"Votre message a \u00e9t\u00e9 envoy\u00e9. Merci de votre attention. Notre repr\u00e9sentant client\u00e8le vous r\u00e9pondra dans les plus brefs d\u00e9lais.\" \/>\n<meta property=\"og:url\" content=\"https:\/\/www.globalturkeyclinic.com\/fr\/thankyou\" \/>\n<meta property=\"og:site_name\" content=\"Hair Transplant, Plastic Surgery and Dental Aesthetics in TURKEY - Global Turkey Clinic\" \/>\n<meta property=\"article:modified_time\" content=\"2021-04-09T07:54:00+00:00\" \/>\n<meta property=\"og:image\" content=\"https:\/\/www.globalturkeyclinic.com\/wp-content\/uploads\/2020\/05\/thankyou.jpg\" \/>\n\t<meta property=\"og:image:width\" content=\"912\" \/>\n\t<meta property=\"og:image:height\" content=\"489\" \/>\n\t<meta property=\"og:image:type\" content=\"image\/jpeg\" \/>\n<meta name=\"twitter:card\" content=\"summary_large_image\" \/>\n<meta name=\"twitter:label1\" content=\"Dur\u00e9e de lecture estim\u00e9e\" \/>\n\t<meta name=\"twitter:data1\" content=\"1 minute\" \/>\n<script type=\"application\/ld+json\" class=\"yoast-schema-graph\">{\"@context\":\"https:\/\/schema.org\",\"@graph\":[{\"@type\":\"WebPage\",\"@id\":\"https:\/\/www.globalturkeyclinic.com\/fr\/thankyou\",\"url\":\"https:\/\/www.globalturkeyclinic.com\/fr\/thankyou\",\"name\":\"Thankyou - Hair Transplant, Plastic Surgery and Dental Aesthetics in TURKEY - Global Turkey Clinic\",\"isPartOf\":{\"@id\":\"https:\/\/www.globalturkeyclinic.com\/#website\"},\"primaryImageOfPage\":{\"@id\":\"https:\/\/www.globalturkeyclinic.com\/fr\/thankyou#primaryimage\"},\"image\":{\"@id\":\"https:\/\/www.globalturkeyclinic.com\/fr\/thankyou#primaryimage\"},\"thumbnailUrl\":\"https:\/\/www.globalturkeyclinic.com\/wp-content\/uploads\/2020\/05\/thankyou.jpg\",\"datePublished\":\"2021-04-08T15:52:22+00:00\",\"dateModified\":\"2021-04-09T07:54:00+00:00\",\"breadcrumb\":{\"@id\":\"https:\/\/www.globalturkeyclinic.com\/fr\/thankyou#breadcrumb\"},\"inLanguage\":\"fr-FR\",\"potentialAction\":[{\"@type\":\"ReadAction\",\"target\":[\"https:\/\/www.globalturkeyclinic.com\/fr\/thankyou\"]}]},{\"@type\":\"ImageObject\",\"inLanguage\":\"fr-FR\",\"@id\":\"https:\/\/www.globalturkeyclinic.com\/fr\/thankyou#primaryimage\",\"url\":\"https:\/\/www.globalturkeyclinic.com\/wp-content\/uploads\/2020\/05\/thankyou.jpg\",\"contentUrl\":\"https:\/\/www.globalturkeyclinic.com\/wp-content\/uploads\/2020\/05\/thankyou.jpg\",\"width\":912,\"height\":489},{\"@type\":\"BreadcrumbList\",\"@id\":\"https:\/\/www.globalturkeyclinic.com\/fr\/thankyou#breadcrumb\",\"itemListElement\":[{\"@type\":\"ListItem\",\"position\":1,\"name\":\"Home\",\"item\":\"https:\/\/www.globalturkeyclinic.com\/fr\"},{\"@type\":\"ListItem\",\"position\":2,\"name\":\"Thankyou\"}]},{\"@type\":\"WebSite\",\"@id\":\"https:\/\/www.globalturkeyclinic.com\/#website\",\"url\":\"https:\/\/www.globalturkeyclinic.com\/\",\"name\":\"Hair Transplant, Plastic Surgery and Dental Aesthetics in TURKEY - Global Turkey Clinic\",\"description\":\"Hair Transplant, Plastic Surgery and Dental Aesthetics in TURKEY - Global Turkey Clinic\",\"publisher\":{\"@id\":\"https:\/\/www.globalturkeyclinic.com\/#organization\"},\"potentialAction\":[{\"@type\":\"SearchAction\",\"target\":{\"@type\":\"EntryPoint\",\"urlTemplate\":\"https:\/\/www.globalturkeyclinic.com\/?s={search_term_string}\"},\"query-input\":{\"@type\":\"PropertyValueSpecification\",\"valueRequired\":true,\"valueName\":\"search_term_string\"}}],\"inLanguage\":\"fr-FR\"},{\"@type\":\"Organization\",\"@id\":\"https:\/\/www.globalturkeyclinic.com\/#organization\",\"name\":\"Global Turkey Clinic\",\"url\":\"https:\/\/www.globalturkeyclinic.com\/\",\"logo\":{\"@type\":\"ImageObject\",\"inLanguage\":\"fr-FR\",\"@id\":\"https:\/\/www.globalturkeyclinic.com\/#\/schema\/logo\/image\/\",\"url\":\"https:\/\/www.globalturkeyclinic.com\/wp-content\/uploads\/2020\/03\/logo-text.svg\",\"contentUrl\":\"https:\/\/www.globalturkeyclinic.com\/wp-content\/uploads\/2020\/03\/logo-text.svg\",\"width\":\"1024\",\"height\":\"1024\",\"caption\":\"Global Turkey Clinic\"},\"image\":{\"@id\":\"https:\/\/www.globalturkeyclinic.com\/#\/schema\/logo\/image\/\"}}]}<\/script>\n<!-- \/ Yoast SEO plugin. -->","yoast_head_json":{"title":"Thankyou - Hair Transplant, Plastic Surgery and Dental Aesthetics in TURKEY - Global Turkey Clinic","robots":{"index":"index","follow":"follow","max-snippet":"max-snippet:-1","max-image-preview":"max-image-preview:large","max-video-preview":"max-video-preview:-1"},"canonical":"https:\/\/www.globalturkeyclinic.com\/fr\/thankyou","og_locale":"fr_FR","og_type":"article","og_title":"Thankyou - Hair Transplant, Plastic Surgery and Dental Aesthetics in TURKEY - Global Turkey Clinic","og_description":"Votre message a \u00e9t\u00e9 envoy\u00e9. Merci de votre attention. Notre repr\u00e9sentant client\u00e8le vous r\u00e9pondra dans les plus brefs d\u00e9lais.","og_url":"https:\/\/www.globalturkeyclinic.com\/fr\/thankyou","og_site_name":"Hair Transplant, Plastic Surgery and Dental Aesthetics in TURKEY - Global Turkey Clinic","article_modified_time":"2021-04-09T07:54:00+00:00","og_image":[{"width":912,"height":489,"url":"https:\/\/www.globalturkeyclinic.com\/wp-content\/uploads\/2020\/05\/thankyou.jpg","type":"image\/jpeg"}],"twitter_card":"summary_large_image","twitter_misc":{"Dur\u00e9e de lecture estim\u00e9e":"1 minute"},"schema":{"@context":"https:\/\/schema.org","@graph":[{"@type":"WebPage","@id":"https:\/\/www.globalturkeyclinic.com\/fr\/thankyou","url":"https:\/\/www.globalturkeyclinic.com\/fr\/thankyou","name":"Thankyou - Hair Transplant, Plastic Surgery and Dental Aesthetics in TURKEY - Global Turkey Clinic","isPartOf":{"@id":"https:\/\/www.globalturkeyclinic.com\/#website"},"primaryImageOfPage":{"@id":"https:\/\/www.globalturkeyclinic.com\/fr\/thankyou#primaryimage"},"image":{"@id":"https:\/\/www.globalturkeyclinic.com\/fr\/thankyou#primaryimage"},"thumbnailUrl":"https:\/\/www.globalturkeyclinic.com\/wp-content\/uploads\/2020\/05\/thankyou.jpg","datePublished":"2021-04-08T15:52:22+00:00","dateModified":"2021-04-09T07:54:00+00:00","breadcrumb":{"@id":"https:\/\/www.globalturkeyclinic.com\/fr\/thankyou#breadcrumb"},"inLanguage":"fr-FR","potentialAction":[{"@type":"ReadAction","target":["https:\/\/www.globalturkeyclinic.com\/fr\/thankyou"]}]},{"@type":"ImageObject","inLanguage":"fr-FR","@id":"https:\/\/www.globalturkeyclinic.com\/fr\/thankyou#primaryimage","url":"https:\/\/www.globalturkeyclinic.com\/wp-content\/uploads\/2020\/05\/thankyou.jpg","contentUrl":"https:\/\/www.globalturkeyclinic.com\/wp-content\/uploads\/2020\/05\/thankyou.jpg","width":912,"height":489},{"@type":"BreadcrumbList","@id":"https:\/\/www.globalturkeyclinic.com\/fr\/thankyou#breadcrumb","itemListElement":[{"@type":"ListItem","position":1,"name":"Home","item":"https:\/\/www.globalturkeyclinic.com\/fr"},{"@type":"ListItem","position":2,"name":"Thankyou"}]},{"@type":"WebSite","@id":"https:\/\/www.globalturkeyclinic.com\/#website","url":"https:\/\/www.globalturkeyclinic.com\/","name":"Hair Transplant, Plastic Surgery and Dental Aesthetics in TURKEY - Global Turkey Clinic","description":"Hair Transplant, Plastic Surgery and Dental Aesthetics in TURKEY - Global Turkey Clinic","publisher":{"@id":"https:\/\/www.globalturkeyclinic.com\/#organization"},"potentialAction":[{"@type":"SearchAction","target":{"@type":"EntryPoint","urlTemplate":"https:\/\/www.globalturkeyclinic.com\/?s={search_term_string}"},"query-input":{"@type":"PropertyValueSpecification","valueRequired":true,"valueName":"search_term_string"}}],"inLanguage":"fr-FR"},{"@type":"Organization","@id":"https:\/\/www.globalturkeyclinic.com\/#organization","name":"Global Turkey Clinic","url":"https:\/\/www.globalturkeyclinic.com\/","logo":{"@type":"ImageObject","inLanguage":"fr-FR","@id":"https:\/\/www.globalturkeyclinic.com\/#\/schema\/logo\/image\/","url":"https:\/\/www.globalturkeyclinic.com\/wp-content\/uploads\/2020\/03\/logo-text.svg","contentUrl":"https:\/\/www.globalturkeyclinic.com\/wp-content\/uploads\/2020\/03\/logo-text.svg","width":"1024","height":"1024","caption":"Global Turkey Clinic"},"image":{"@id":"https:\/\/www.globalturkeyclinic.com\/#\/schema\/logo\/image\/"}}]}},"_links":{"self":[{"href":"https:\/\/www.globalturkeyclinic.com\/fr\/wp-json\/wp\/v2\/pages\/1946","targetHints":{"allow":["GET"]}}],"collection":[{"href":"https:\/\/www.globalturkeyclinic.com\/fr\/wp-json\/wp\/v2\/pages"}],"about":[{"href":"https:\/\/www.globalturkeyclinic.com\/fr\/wp-json\/wp\/v2\/types\/page"}],"author":[{"embeddable":true,"href":"https:\/\/www.globalturkeyclinic.com\/fr\/wp-json\/wp\/v2\/users\/1"}],"replies":[{"embeddable":true,"href":"https:\/\/www.globalturkeyclinic.com\/fr\/wp-json\/wp\/v2\/comments?post=1946"}],"version-history":[{"count":2,"href":"https:\/\/www.globalturkeyclinic.com\/fr\/wp-json\/wp\/v2\/pages\/1946\/revisions"}],"predecessor-version":[{"id":1948,"href":"https:\/\/www.globalturkeyclinic.com\/fr\/wp-json\/wp\/v2\/pages\/1946\/revisions\/1948"}],"wp:featuredmedia":[{"embeddable":true,"href":"https:\/\/www.globalturkeyclinic.com\/fr\/wp-json\/wp\/v2\/media\/1945"}],"wp:attachment":[{"href":"https:\/\/www.globalturkeyclinic.com\/fr\/wp-json\/wp\/v2\/media?parent=1946"}],"curies":[{"name":"wp","href":"https:\/\/api.w.org\/{rel}","templated":true}]}}