{"id":1571,"date":"2020-08-16T15:49:08","date_gmt":"2020-08-16T12:49:08","guid":{"rendered":"https:\/\/www.globalturkeyclinic.com\/?page_id=1571"},"modified":"2021-02-24T11:32:49","modified_gmt":"2021-02-24T08:32:49","slug":"page-daccueil","status":"publish","type":"page","link":"https:\/\/www.globalturkeyclinic.com\/fr","title":{"rendered":"Page d&rsquo;accueil"},"content":{"rendered":"<p><section id=\"bt_bb_section69e43c8290766\" class=\"bt_bb_section bt_bb_layout_boxed_1200\"  data-bt-override-class=\"null\"><div class=\"bt_bb_port\"><div class=\"bt_bb_cell\"><div class=\"bt_bb_cell_inner\"><div class=\"bt_bb_row \"  data-bt-override-class=\"{}\"><div class=\"bt_bb_row_holder\" ><div  class=\"bt_bb_column col-xxl-12 col-xl-12 col-xs-12 col-sm-12 col-md-12 col-lg-12 bt_bb_vertical_align_top bt_bb_align_left bt_bb_padding_normal\" style=\"; --column-width:12;\" data-width=\"12\" data-bt-override-class=\"{}\"><div class=\"bt_bb_column_content\"><div class=\"bt_bb_column_content_inner\"><div  class=\"bt_bb_text\" ><\/p>\n<h2 class=\"section-title\">Nos h\u00f4pitaux<\/h2>\n<p>\n<\/div><\/div><\/div><\/div><\/div><\/div><\/div><!-- cell_inner --><\/div><!-- cell --><\/div><!-- port --><\/section><section id=\"bt_bb_section69e43c82909f6\" class=\"bt_bb_section bt_bb_layout_boxed_1200\"  data-bt-override-class=\"null\"><div class=\"bt_bb_port\"><div class=\"bt_bb_cell\"><div class=\"bt_bb_cell_inner\"><div class=\"bt_bb_row \"  data-bt-override-class=\"{}\"><div class=\"bt_bb_row_holder\" ><div  class=\"bt_bb_column col-xxl-6 col-xl-6 col-xs-12 col-sm-6 col-md-6 col-lg-6 bt_bb_vertical_align_top bt_bb_align_left bt_bb_padding_normal\" style=\"; --column-width:6;\" data-width=\"6\" data-bt-override-class=\"{}\"><div class=\"bt_bb_column_content\"><div class=\"bt_bb_column_content_inner\"><div class=\" bt_bb_row_inner\"   data-bt-override-class=\"{}\"><div class=\"bt_bb_row_inner_holder\"  ><div  class=\"bt_bb_column_inner col-xxl-4 col-xl-4 col-xs-12 col-sm-12 col-md-12 col-lg-4 bt_bb_vertical_align_top bt_bb_align_left bt_bb_padding_normal\"  data-width=\"4\" data-bt-override-class=\"{}\"><div class=\"bt_bb_column_inner_content\"><div class=\"bt_bb_image bt_bb_shape_soft-rounded bt_bb_target_self bt_bb_align_left bt_bb_hover_style_simple bt_bb_content_display_always bt_bb_content_align_middle\" data-bt-override-class=\"{&quot;bt_bb_align_&quot;:{&quot;current_class&quot;:&quot;bt_bb_align_left&quot;,&quot;xxl&quot;:&quot;left&quot;,&quot;xl&quot;:&quot;left&quot;}}\"><a href=\"\/fr\/kolan-hospital\"  target=\"_self\" title=\"kolan-1\"><img decoding=\"async\" width=\"212\" height=\"212\" src=\"https:\/\/www.globalturkeyclinic.com\/wp-content\/uploads\/2021\/02\/kolan-1.jpg\" class=\"attachment-full size-full\" alt=\"https:\/\/www.globalturkeyclinic.com\/wp-content\/uploads\/2021\/02\/kolan-1.jpg\" data-full_image_src=\"https:\/\/www.globalturkeyclinic.com\/wp-content\/uploads\/2021\/02\/kolan-1.jpg\" title=\"kolan-1\" srcset=\"https:\/\/www.globalturkeyclinic.com\/wp-content\/uploads\/2021\/02\/kolan-1.jpg 212w, https:\/\/www.globalturkeyclinic.com\/wp-content\/uploads\/2021\/02\/kolan-1-135x135.jpg 135w\" sizes=\"(max-width: 212px) 100vw, 212px\" \/><\/a><\/div><\/div><\/div><div  class=\"bt_bb_column_inner col-xxl-8 col-xl-8 col-xs-12 col-sm-12 col-md-12 col-lg-8 bt_bb_vertical_align_top bt_bb_align_left bt_bb_padding_normal\"  data-width=\"8\" data-bt-override-class=\"{}\"><div class=\"bt_bb_column_inner_content\"><header class=\"bt_bb_headline bt_bb_dash_bottom bt_bb_subheadline bt_bb_size_inherit bt_bb_align_inherit\" data-bt-override-class=\"{&quot;bt_bb_size_&quot;:{&quot;current_class&quot;:&quot;bt_bb_size_inherit&quot;,&quot;xxl&quot;:&quot;inherit&quot;,&quot;xl&quot;:&quot;inherit&quot;},&quot;bt_bb_align_&quot;:{&quot;current_class&quot;:&quot;bt_bb_align_inherit&quot;,&quot;xxl&quot;:&quot;inherit&quot;,&quot;xl&quot;:&quot;inherit&quot;}}\"><h3 class=\"bt_bb_headline_tag\"><span class=\"bt_bb_headline_content\"><span><a href=\"\/fr\/kolan-hospital\" target=\"_self\" title=\"L\u2019h\u00f4pital international de Kolan\">L\u2019h\u00f4pital international de Kolan<\/a><\/span><\/span><\/h3><div class=\"bt_bb_headline_subheadline\">L\u2019h\u00f4pital international de Kolan poss\u00e8de le certificat d\u2019accr\u00e9ditation de la Joint Commission International (JCI), qui est l\u2019une des institutions internationales d\u2019accr\u00e9ditation sanitaire, est accept\u00e9e en tant qu\u2019autorit\u00e9 mondiale.<\/div><\/header><\/div><\/div><\/div><\/div><\/div><\/div><\/div><div  class=\"bt_bb_column col-xxl-6 col-xl-6 col-xs-12 col-sm-6 col-md-6 col-lg-6 bt_bb_vertical_align_top bt_bb_align_left bt_bb_padding_normal\" style=\"; --column-width:6;\" data-width=\"6\" data-bt-override-class=\"{}\"><div class=\"bt_bb_column_content\"><div class=\"bt_bb_column_content_inner\"><div class=\" bt_bb_row_inner\"   data-bt-override-class=\"{}\"><div class=\"bt_bb_row_inner_holder\"  ><div  class=\"bt_bb_column_inner col-xxl-4 col-xl-4 col-xs-12 col-sm-12 col-md-12 col-lg-4 bt_bb_vertical_align_top bt_bb_align_left bt_bb_padding_normal\"  data-width=\"4\" data-bt-override-class=\"{}\"><div class=\"bt_bb_column_inner_content\"><div class=\"bt_bb_image bt_bb_shape_soft-rounded bt_bb_target_self bt_bb_align_left bt_bb_hover_style_simple bt_bb_content_display_always bt_bb_content_align_middle\" data-bt-override-class=\"{&quot;bt_bb_align_&quot;:{&quot;current_class&quot;:&quot;bt_bb_align_left&quot;,&quot;xxl&quot;:&quot;left&quot;,&quot;xl&quot;:&quot;left&quot;}}\"><a href=\"\/fr\/nisantasi-hospital\"  target=\"_self\" title=\"nisantasi-1\"><img decoding=\"async\" width=\"213\" height=\"213\" src=\"https:\/\/www.globalturkeyclinic.com\/wp-content\/uploads\/2021\/02\/nisantasi-1.jpg\" class=\"attachment-full size-full\" alt=\"https:\/\/www.globalturkeyclinic.com\/wp-content\/uploads\/2021\/02\/nisantasi-1.jpg\" data-full_image_src=\"https:\/\/www.globalturkeyclinic.com\/wp-content\/uploads\/2021\/02\/nisantasi-1.jpg\" title=\"nisantasi-1\" srcset=\"https:\/\/www.globalturkeyclinic.com\/wp-content\/uploads\/2021\/02\/nisantasi-1.jpg 213w, https:\/\/www.globalturkeyclinic.com\/wp-content\/uploads\/2021\/02\/nisantasi-1-135x135.jpg 135w\" sizes=\"(max-width: 213px) 100vw, 213px\" \/><\/a><\/div><\/div><\/div><div  class=\"bt_bb_column_inner col-xxl-8 col-xl-8 col-xs-12 col-sm-12 col-md-12 col-lg-8 bt_bb_vertical_align_top bt_bb_align_left bt_bb_padding_normal\"  data-width=\"8\" data-bt-override-class=\"{}\"><div class=\"bt_bb_column_inner_content\"><header class=\"bt_bb_headline bt_bb_dash_bottom bt_bb_subheadline bt_bb_size_inherit bt_bb_align_inherit\" data-bt-override-class=\"{&quot;bt_bb_size_&quot;:{&quot;current_class&quot;:&quot;bt_bb_size_inherit&quot;,&quot;xxl&quot;:&quot;inherit&quot;,&quot;xl&quot;:&quot;inherit&quot;},&quot;bt_bb_align_&quot;:{&quot;current_class&quot;:&quot;bt_bb_align_inherit&quot;,&quot;xxl&quot;:&quot;inherit&quot;,&quot;xl&quot;:&quot;inherit&quot;}}\"><h3 class=\"bt_bb_headline_tag\"><span class=\"bt_bb_headline_content\"><span><a href=\"\/fr\/nisantasi-hospital\" target=\"_self\" title=\"L\u2019h\u00f4pital Ni\u015fanta\u015f\u0131\">L\u2019h\u00f4pital Ni\u015fanta\u015f\u0131<\/a><\/span><\/span><\/h3><div class=\"bt_bb_headline_subheadline\">L\u2019h\u00f4pital Ni\u015fanta\u015f\u0131, a toujours mis en \u0153uvre des programmes de d\u00e9veloppement de la qualit\u00e9 pour fournir des soins m\u00e9dicaux aux normes internationales depuis sa cr\u00e9ation.<\/div><\/header><\/div><\/div><\/div><\/div><\/div><\/div><\/div><\/div><\/div><\/div><!-- cell_inner --><\/div><!-- cell --><\/div><!-- port --><\/section><\/p>\n","protected":false},"excerpt":{"rendered":"","protected":false},"author":1,"featured_media":0,"parent":0,"menu_order":0,"comment_status":"closed","ping_status":"closed","template":"","meta":{"inline_featured_image":false,"footnotes":""},"class_list":["post-1571","page","type-page","status-publish","hentry"],"yoast_head":"<!-- This site is optimized with the Yoast SEO plugin v24.0 - https:\/\/yoast.com\/wordpress\/plugins\/seo\/ -->\n<title>Page d&#039;accueil - Hair Transplant, Plastic Surgery and Dental Aesthetics in TURKEY - Global Turkey Clinic<\/title>\n<meta name=\"description\" content=\"Global Turkey Clinic est l&#039;une des cliniques les plus distincts servant dans le domaine de l&#039;esth\u00e9tique, la greffe de cheveux et de l&#039;esth\u00e9tique dentaire.\" \/>\n<meta name=\"robots\" content=\"index, follow, max-snippet:-1, max-image-preview:large, max-video-preview:-1\" \/>\n<link rel=\"canonical\" href=\"https:\/\/www.globalturkeyclinic.com\/fr\" \/>\n<meta property=\"og:locale\" content=\"fr_FR\" \/>\n<meta property=\"og:type\" content=\"article\" \/>\n<meta property=\"og:title\" content=\"Page d&#039;accueil - Hair Transplant, Plastic Surgery and Dental Aesthetics in TURKEY - Global Turkey Clinic\" \/>\n<meta property=\"og:description\" content=\"Global Turkey Clinic est l&#039;une des cliniques les plus distincts servant dans le domaine de l&#039;esth\u00e9tique, la greffe de cheveux et de l&#039;esth\u00e9tique dentaire.\" \/>\n<meta property=\"og:url\" content=\"https:\/\/www.globalturkeyclinic.com\/fr\" \/>\n<meta property=\"og:site_name\" content=\"Hair Transplant, Plastic Surgery and Dental Aesthetics in TURKEY - Global Turkey Clinic\" \/>\n<meta property=\"article:modified_time\" content=\"2021-02-24T08:32:49+00:00\" \/>\n<meta name=\"twitter:card\" content=\"summary_large_image\" \/>\n<meta name=\"twitter:label1\" content=\"Dur\u00e9e de lecture estim\u00e9e\" \/>\n\t<meta name=\"twitter:data1\" content=\"2 minutes\" \/>\n<script type=\"application\/ld+json\" class=\"yoast-schema-graph\">{\"@context\":\"https:\/\/schema.org\",\"@graph\":[{\"@type\":\"WebPage\",\"@id\":\"https:\/\/www.globalturkeyclinic.com\/fr\",\"url\":\"https:\/\/www.globalturkeyclinic.com\/fr\",\"name\":\"Page d'accueil - Hair Transplant, Plastic Surgery and Dental Aesthetics in TURKEY - Global Turkey Clinic\",\"isPartOf\":{\"@id\":\"https:\/\/www.globalturkeyclinic.com\/#website\"},\"datePublished\":\"2020-08-16T12:49:08+00:00\",\"dateModified\":\"2021-02-24T08:32:49+00:00\",\"description\":\"Global Turkey Clinic est l'une des cliniques les plus distincts servant dans le domaine de l'esth\u00e9tique, la greffe de cheveux et de l'esth\u00e9tique dentaire.\",\"breadcrumb\":{\"@id\":\"https:\/\/www.globalturkeyclinic.com\/fr#breadcrumb\"},\"inLanguage\":\"fr-FR\",\"potentialAction\":[{\"@type\":\"ReadAction\",\"target\":[\"https:\/\/www.globalturkeyclinic.com\/fr\"]}]},{\"@type\":\"BreadcrumbList\",\"@id\":\"https:\/\/www.globalturkeyclinic.com\/fr#breadcrumb\",\"itemListElement\":[{\"@type\":\"ListItem\",\"position\":1,\"name\":\"Home\",\"item\":\"https:\/\/www.globalturkeyclinic.com\/fr\"},{\"@type\":\"ListItem\",\"position\":2,\"name\":\"Page d&rsquo;accueil\"}]},{\"@type\":\"WebSite\",\"@id\":\"https:\/\/www.globalturkeyclinic.com\/#website\",\"url\":\"https:\/\/www.globalturkeyclinic.com\/\",\"name\":\"Hair Transplant, Plastic Surgery and Dental Aesthetics in TURKEY - Global Turkey Clinic\",\"description\":\"Hair Transplant, Plastic Surgery and Dental Aesthetics in TURKEY - Global Turkey Clinic\",\"publisher\":{\"@id\":\"https:\/\/www.globalturkeyclinic.com\/#organization\"},\"potentialAction\":[{\"@type\":\"SearchAction\",\"target\":{\"@type\":\"EntryPoint\",\"urlTemplate\":\"https:\/\/www.globalturkeyclinic.com\/?s={search_term_string}\"},\"query-input\":{\"@type\":\"PropertyValueSpecification\",\"valueRequired\":true,\"valueName\":\"search_term_string\"}}],\"inLanguage\":\"fr-FR\"},{\"@type\":\"Organization\",\"@id\":\"https:\/\/www.globalturkeyclinic.com\/#organization\",\"name\":\"Global Turkey Clinic\",\"url\":\"https:\/\/www.globalturkeyclinic.com\/\",\"logo\":{\"@type\":\"ImageObject\",\"inLanguage\":\"fr-FR\",\"@id\":\"https:\/\/www.globalturkeyclinic.com\/#\/schema\/logo\/image\/\",\"url\":\"https:\/\/www.globalturkeyclinic.com\/wp-content\/uploads\/2020\/03\/logo-text.svg\",\"contentUrl\":\"https:\/\/www.globalturkeyclinic.com\/wp-content\/uploads\/2020\/03\/logo-text.svg\",\"width\":\"1024\",\"height\":\"1024\",\"caption\":\"Global Turkey Clinic\"},\"image\":{\"@id\":\"https:\/\/www.globalturkeyclinic.com\/#\/schema\/logo\/image\/\"}}]}<\/script>\n<!-- \/ Yoast SEO plugin. -->","yoast_head_json":{"title":"Page d'accueil - Hair Transplant, Plastic Surgery and Dental Aesthetics in TURKEY - Global Turkey Clinic","description":"Global Turkey Clinic est l'une des cliniques les plus distincts servant dans le domaine de l'esth\u00e9tique, la greffe de cheveux et de l'esth\u00e9tique dentaire.","robots":{"index":"index","follow":"follow","max-snippet":"max-snippet:-1","max-image-preview":"max-image-preview:large","max-video-preview":"max-video-preview:-1"},"canonical":"https:\/\/www.globalturkeyclinic.com\/fr","og_locale":"fr_FR","og_type":"article","og_title":"Page d'accueil - Hair Transplant, Plastic Surgery and Dental Aesthetics in TURKEY - Global Turkey Clinic","og_description":"Global Turkey Clinic est l'une des cliniques les plus distincts servant dans le domaine de l'esth\u00e9tique, la greffe de cheveux et de l'esth\u00e9tique dentaire.","og_url":"https:\/\/www.globalturkeyclinic.com\/fr","og_site_name":"Hair Transplant, Plastic Surgery and Dental Aesthetics in TURKEY - Global Turkey Clinic","article_modified_time":"2021-02-24T08:32:49+00:00","twitter_card":"summary_large_image","twitter_misc":{"Dur\u00e9e de lecture estim\u00e9e":"2 minutes"},"schema":{"@context":"https:\/\/schema.org","@graph":[{"@type":"WebPage","@id":"https:\/\/www.globalturkeyclinic.com\/fr","url":"https:\/\/www.globalturkeyclinic.com\/fr","name":"Page d'accueil - Hair Transplant, Plastic Surgery and Dental Aesthetics in TURKEY - Global Turkey Clinic","isPartOf":{"@id":"https:\/\/www.globalturkeyclinic.com\/#website"},"datePublished":"2020-08-16T12:49:08+00:00","dateModified":"2021-02-24T08:32:49+00:00","description":"Global Turkey Clinic est l'une des cliniques les plus distincts servant dans le domaine de l'esth\u00e9tique, la greffe de cheveux et de l'esth\u00e9tique dentaire.","breadcrumb":{"@id":"https:\/\/www.globalturkeyclinic.com\/fr#breadcrumb"},"inLanguage":"fr-FR","potentialAction":[{"@type":"ReadAction","target":["https:\/\/www.globalturkeyclinic.com\/fr"]}]},{"@type":"BreadcrumbList","@id":"https:\/\/www.globalturkeyclinic.com\/fr#breadcrumb","itemListElement":[{"@type":"ListItem","position":1,"name":"Home","item":"https:\/\/www.globalturkeyclinic.com\/fr"},{"@type":"ListItem","position":2,"name":"Page d&rsquo;accueil"}]},{"@type":"WebSite","@id":"https:\/\/www.globalturkeyclinic.com\/#website","url":"https:\/\/www.globalturkeyclinic.com\/","name":"Hair Transplant, Plastic Surgery and Dental Aesthetics in TURKEY - Global Turkey Clinic","description":"Hair Transplant, Plastic Surgery and Dental Aesthetics in TURKEY - Global Turkey Clinic","publisher":{"@id":"https:\/\/www.globalturkeyclinic.com\/#organization"},"potentialAction":[{"@type":"SearchAction","target":{"@type":"EntryPoint","urlTemplate":"https:\/\/www.globalturkeyclinic.com\/?s={search_term_string}"},"query-input":{"@type":"PropertyValueSpecification","valueRequired":true,"valueName":"search_term_string"}}],"inLanguage":"fr-FR"},{"@type":"Organization","@id":"https:\/\/www.globalturkeyclinic.com\/#organization","name":"Global Turkey Clinic","url":"https:\/\/www.globalturkeyclinic.com\/","logo":{"@type":"ImageObject","inLanguage":"fr-FR","@id":"https:\/\/www.globalturkeyclinic.com\/#\/schema\/logo\/image\/","url":"https:\/\/www.globalturkeyclinic.com\/wp-content\/uploads\/2020\/03\/logo-text.svg","contentUrl":"https:\/\/www.globalturkeyclinic.com\/wp-content\/uploads\/2020\/03\/logo-text.svg","width":"1024","height":"1024","caption":"Global Turkey Clinic"},"image":{"@id":"https:\/\/www.globalturkeyclinic.com\/#\/schema\/logo\/image\/"}}]}},"_links":{"self":[{"href":"https:\/\/www.globalturkeyclinic.com\/fr\/wp-json\/wp\/v2\/pages\/1571","targetHints":{"allow":["GET"]}}],"collection":[{"href":"https:\/\/www.globalturkeyclinic.com\/fr\/wp-json\/wp\/v2\/pages"}],"about":[{"href":"https:\/\/www.globalturkeyclinic.com\/fr\/wp-json\/wp\/v2\/types\/page"}],"author":[{"embeddable":true,"href":"https:\/\/www.globalturkeyclinic.com\/fr\/wp-json\/wp\/v2\/users\/1"}],"replies":[{"embeddable":true,"href":"https:\/\/www.globalturkeyclinic.com\/fr\/wp-json\/wp\/v2\/comments?post=1571"}],"version-history":[{"count":0,"href":"https:\/\/www.globalturkeyclinic.com\/fr\/wp-json\/wp\/v2\/pages\/1571\/revisions"}],"wp:attachment":[{"href":"https:\/\/www.globalturkeyclinic.com\/fr\/wp-json\/wp\/v2\/media?parent=1571"}],"curies":[{"name":"wp","href":"https:\/\/api.w.org\/{rel}","templated":true}]}}