{"id":1504,"date":"2020-07-05T18:57:40","date_gmt":"2020-07-05T15:57:40","guid":{"rendered":"https:\/\/www.globalturkeyclinic.com\/?page_id=1504"},"modified":"2020-07-05T18:57:40","modified_gmt":"2020-07-05T15:57:40","slug":"tourisme-medical-en-turquie","status":"publish","type":"page","link":"https:\/\/www.globalturkeyclinic.com\/fr\/tourisme-medical-en-turquie","title":{"rendered":"Tourisme m\u00e9dical en Turquie"},"content":{"rendered":"<p>Le tourisme m\u00e9dical est d\u00e9sormais consid\u00e9r\u00e9 comme l&rsquo;une des tendances les plus importantes de notre monde. Nous pouvons simplement d\u00e9finir le tourisme m\u00e9dical comme un voyage d&rsquo;un pays \u00e0 un autre pour rechercher la beaut\u00e9 avec des soins abordables.<\/p>\n<p>En g\u00e9n\u00e9ral, la perfection est ce que tout le monde recherche aujourd&rsquo;hui. La chose qui a conduit l&rsquo;individu \u00e0 rechercher des m\u00e9thodes pour contr\u00f4ler le processus de vieillissement.<\/p>\n<p>D&rsquo;autre part, le manque d&rsquo;assurance ad\u00e9quate et le co\u00fbt \u00e9lev\u00e9 dans l&rsquo;ouest. Outre la possibilit\u00e9 d&rsquo;avoir acc\u00e8s \u00e0 certains traitements qui ne sont pas disponibles dans certains pays, a amen\u00e9 les gens \u00e0 choisir la <strong>Turquie<\/strong> en priorit\u00e9 comme premi\u00e8re destination pour le tourisme m\u00e9dical. Et ce qui l&rsquo;a rendu si facile, c&rsquo;est la haute qualit\u00e9 des services fournis \u00e0 un co\u00fbt abordable.<\/p>\n<p>R\u00e9cemment, la <strong>Turquie<\/strong> est devenue une destination populaire et attrayante pour les touristes venant du monde entier pour le tourisme m\u00e9dical.<\/p>\n<p><strong>Non seulement pour obtenir les services de sant\u00e9 avanc\u00e9s<\/strong><\/p>\n<p>Les \u00e9quipements mais aussi les avantages touristiques sont les raisons de cette popularit\u00e9. En cons\u00e9quence, la Turquie offre non seulement le tourisme m\u00e9dical mais aussi le tourisme de sant\u00e9 dans son ensemble aux patients \u00e9trangers. En d&rsquo;autres termes, la <strong>Turquie<\/strong> recherche l&rsquo;avantage concurrentiel du tourisme m\u00e9dical gr\u00e2ce \u00e0 la puissance de son exp\u00e9rience touristique.<\/p>\n<p>Depuis des milliers d&rsquo;ann\u00e9es, le tourisme m\u00e9dical existe. En fait, les habitants de l&rsquo;ancienne M\u00e9sopotamie se sont rendus au temple d&rsquo;un dieu ou d&rsquo;une d\u00e9esse gu\u00e9risseur \u00e0 Tell Brak, en Syrie, pour gu\u00e9rir des troubles oculaires.<\/p>\n<p>Les Grecs et les Romains ont \u00e9galement voyag\u00e9 \u00e0 pied ou en bateau vers les spas de toute la M\u00e9diterran\u00e9e. Les villes thermales en Belgique et les sanatoriums ont \u00e9t\u00e9 l&rsquo;une des premi\u00e8res formes de tourisme m\u00e9dical. Et maintenant, les gens voyagent de tous les coins du monde en Turquie pour recevoir des traitements m\u00e9dicaux. Cr\u00e9ant un march\u00e9 appel\u00e9 tourisme m\u00e9dical.<\/p>\n<p>La mise en \u0153uvre de politiques visant \u00e0 alimenter le march\u00e9 du tourisme m\u00e9dical est l&rsquo;une des raisons pour lesquelles les pays pr\u00e9f\u00e8rent la <strong>Turquie<\/strong>. Ce qui en fait une destination de choix et populaire pour les touristes m\u00e9dicaux. Surtout, pour des traitements moins compliqu\u00e9s, comme la greffe de cheveux, l&rsquo;abdominoplastie, la rhinoplastie et d&rsquo;autres traitements. En plus de cela, le gouvernement offre des r\u00e9ductions aux patients voyageant avec\u00a0<strong>Turkish Airlines<\/strong>. Le gouvernement pr\u00e9voit \u00e9galement d&rsquo;introduire des zones de soins de sant\u00e9 en franchise d&rsquo;imp\u00f4t pour les patients \u00e9trangers. De plus en plus de gouvernements et d&rsquo;entreprises proposent des vols bon march\u00e9, des fronti\u00e8res ouvertes et des forfaits inclusifs pour alimenter davantage ce segment du march\u00e9 du tourisme.<\/p>\n","protected":false},"excerpt":{"rendered":"<p>Le tourisme m\u00e9dical est d\u00e9sormais consid\u00e9r\u00e9 comme l&rsquo;une des tendances les plus importantes de notre monde. Nous pouvons simplement d\u00e9finir le tourisme m\u00e9dical comme un voyage d&rsquo;un pays \u00e0 un autre pour [&hellip;]<\/p>\n","protected":false},"author":1,"featured_media":1505,"parent":0,"menu_order":0,"comment_status":"closed","ping_status":"closed","template":"","meta":{"inline_featured_image":false,"footnotes":""},"class_list":["post-1504","page","type-page","status-publish","has-post-thumbnail","hentry"],"yoast_head":"<!-- This site is optimized with the Yoast SEO plugin v24.0 - https:\/\/yoast.com\/wordpress\/plugins\/seo\/ -->\n<title>Tourisme m\u00e9dical en Turquie - Hair Transplant, Plastic Surgery and Dental Aesthetics in TURKEY - Global Turkey Clinic<\/title>\n<meta name=\"robots\" content=\"index, follow, max-snippet:-1, max-image-preview:large, max-video-preview:-1\" \/>\n<link rel=\"canonical\" href=\"https:\/\/www.globalturkeyclinic.com\/fr\/tourisme-medical-en-turquie\" \/>\n<meta property=\"og:locale\" content=\"fr_FR\" \/>\n<meta property=\"og:type\" content=\"article\" \/>\n<meta property=\"og:title\" content=\"Tourisme m\u00e9dical en Turquie - Hair Transplant, Plastic Surgery and Dental Aesthetics in TURKEY - Global Turkey Clinic\" \/>\n<meta property=\"og:description\" content=\"Le tourisme m\u00e9dical est d\u00e9sormais consid\u00e9r\u00e9 comme l&rsquo;une des tendances les plus importantes de notre monde. Nous pouvons simplement d\u00e9finir le tourisme m\u00e9dical comme un voyage d&rsquo;un pays \u00e0 un autre pour [&hellip;]\" \/>\n<meta property=\"og:url\" content=\"https:\/\/www.globalturkeyclinic.com\/fr\/tourisme-medical-en-turquie\" \/>\n<meta property=\"og:site_name\" content=\"Hair Transplant, Plastic Surgery and Dental Aesthetics in TURKEY - Global Turkey Clinic\" \/>\n<meta property=\"og:image\" content=\"https:\/\/www.globalturkeyclinic.com\/wp-content\/uploads\/2020\/05\/health-tourism.jpg\" \/>\n\t<meta property=\"og:image:width\" content=\"912\" \/>\n\t<meta property=\"og:image:height\" content=\"489\" \/>\n\t<meta property=\"og:image:type\" content=\"image\/jpeg\" \/>\n<meta name=\"twitter:card\" content=\"summary_large_image\" \/>\n<meta name=\"twitter:label1\" content=\"Dur\u00e9e de lecture estim\u00e9e\" \/>\n\t<meta name=\"twitter:data1\" content=\"2 minutes\" \/>\n<script type=\"application\/ld+json\" class=\"yoast-schema-graph\">{\"@context\":\"https:\/\/schema.org\",\"@graph\":[{\"@type\":\"WebPage\",\"@id\":\"https:\/\/www.globalturkeyclinic.com\/fr\/tourisme-medical-en-turquie\",\"url\":\"https:\/\/www.globalturkeyclinic.com\/fr\/tourisme-medical-en-turquie\",\"name\":\"Tourisme m\u00e9dical en Turquie - Hair Transplant, Plastic Surgery and Dental Aesthetics in TURKEY - Global Turkey Clinic\",\"isPartOf\":{\"@id\":\"https:\/\/www.globalturkeyclinic.com\/#website\"},\"primaryImageOfPage\":{\"@id\":\"https:\/\/www.globalturkeyclinic.com\/fr\/tourisme-medical-en-turquie#primaryimage\"},\"image\":{\"@id\":\"https:\/\/www.globalturkeyclinic.com\/fr\/tourisme-medical-en-turquie#primaryimage\"},\"thumbnailUrl\":\"https:\/\/www.globalturkeyclinic.com\/wp-content\/uploads\/2020\/05\/health-tourism.jpg\",\"datePublished\":\"2020-07-05T15:57:40+00:00\",\"dateModified\":\"2020-07-05T15:57:40+00:00\",\"breadcrumb\":{\"@id\":\"https:\/\/www.globalturkeyclinic.com\/fr\/tourisme-medical-en-turquie#breadcrumb\"},\"inLanguage\":\"fr-FR\",\"potentialAction\":[{\"@type\":\"ReadAction\",\"target\":[\"https:\/\/www.globalturkeyclinic.com\/fr\/tourisme-medical-en-turquie\"]}]},{\"@type\":\"ImageObject\",\"inLanguage\":\"fr-FR\",\"@id\":\"https:\/\/www.globalturkeyclinic.com\/fr\/tourisme-medical-en-turquie#primaryimage\",\"url\":\"https:\/\/www.globalturkeyclinic.com\/wp-content\/uploads\/2020\/05\/health-tourism.jpg\",\"contentUrl\":\"https:\/\/www.globalturkeyclinic.com\/wp-content\/uploads\/2020\/05\/health-tourism.jpg\",\"width\":912,\"height\":489},{\"@type\":\"BreadcrumbList\",\"@id\":\"https:\/\/www.globalturkeyclinic.com\/fr\/tourisme-medical-en-turquie#breadcrumb\",\"itemListElement\":[{\"@type\":\"ListItem\",\"position\":1,\"name\":\"Home\",\"item\":\"https:\/\/www.globalturkeyclinic.com\/fr\"},{\"@type\":\"ListItem\",\"position\":2,\"name\":\"Tourisme m\u00e9dical en Turquie\"}]},{\"@type\":\"WebSite\",\"@id\":\"https:\/\/www.globalturkeyclinic.com\/#website\",\"url\":\"https:\/\/www.globalturkeyclinic.com\/\",\"name\":\"Hair Transplant, Plastic Surgery and Dental Aesthetics in TURKEY - Global Turkey Clinic\",\"description\":\"Hair Transplant, Plastic Surgery and Dental Aesthetics in TURKEY - Global Turkey Clinic\",\"publisher\":{\"@id\":\"https:\/\/www.globalturkeyclinic.com\/#organization\"},\"potentialAction\":[{\"@type\":\"SearchAction\",\"target\":{\"@type\":\"EntryPoint\",\"urlTemplate\":\"https:\/\/www.globalturkeyclinic.com\/?s={search_term_string}\"},\"query-input\":{\"@type\":\"PropertyValueSpecification\",\"valueRequired\":true,\"valueName\":\"search_term_string\"}}],\"inLanguage\":\"fr-FR\"},{\"@type\":\"Organization\",\"@id\":\"https:\/\/www.globalturkeyclinic.com\/#organization\",\"name\":\"Global Turkey Clinic\",\"url\":\"https:\/\/www.globalturkeyclinic.com\/\",\"logo\":{\"@type\":\"ImageObject\",\"inLanguage\":\"fr-FR\",\"@id\":\"https:\/\/www.globalturkeyclinic.com\/#\/schema\/logo\/image\/\",\"url\":\"https:\/\/www.globalturkeyclinic.com\/wp-content\/uploads\/2020\/03\/logo-text.svg\",\"contentUrl\":\"https:\/\/www.globalturkeyclinic.com\/wp-content\/uploads\/2020\/03\/logo-text.svg\",\"width\":\"1024\",\"height\":\"1024\",\"caption\":\"Global Turkey Clinic\"},\"image\":{\"@id\":\"https:\/\/www.globalturkeyclinic.com\/#\/schema\/logo\/image\/\"}}]}<\/script>\n<!-- \/ Yoast SEO plugin. -->","yoast_head_json":{"title":"Tourisme m\u00e9dical en Turquie - Hair Transplant, Plastic Surgery and Dental Aesthetics in TURKEY - Global Turkey Clinic","robots":{"index":"index","follow":"follow","max-snippet":"max-snippet:-1","max-image-preview":"max-image-preview:large","max-video-preview":"max-video-preview:-1"},"canonical":"https:\/\/www.globalturkeyclinic.com\/fr\/tourisme-medical-en-turquie","og_locale":"fr_FR","og_type":"article","og_title":"Tourisme m\u00e9dical en Turquie - Hair Transplant, Plastic Surgery and Dental Aesthetics in TURKEY - Global Turkey Clinic","og_description":"Le tourisme m\u00e9dical est d\u00e9sormais consid\u00e9r\u00e9 comme l&rsquo;une des tendances les plus importantes de notre monde. Nous pouvons simplement d\u00e9finir le tourisme m\u00e9dical comme un voyage d&rsquo;un pays \u00e0 un autre pour [&hellip;]","og_url":"https:\/\/www.globalturkeyclinic.com\/fr\/tourisme-medical-en-turquie","og_site_name":"Hair Transplant, Plastic Surgery and Dental Aesthetics in TURKEY - Global Turkey Clinic","og_image":[{"width":912,"height":489,"url":"https:\/\/www.globalturkeyclinic.com\/wp-content\/uploads\/2020\/05\/health-tourism.jpg","type":"image\/jpeg"}],"twitter_card":"summary_large_image","twitter_misc":{"Dur\u00e9e de lecture estim\u00e9e":"2 minutes"},"schema":{"@context":"https:\/\/schema.org","@graph":[{"@type":"WebPage","@id":"https:\/\/www.globalturkeyclinic.com\/fr\/tourisme-medical-en-turquie","url":"https:\/\/www.globalturkeyclinic.com\/fr\/tourisme-medical-en-turquie","name":"Tourisme m\u00e9dical en Turquie - Hair Transplant, Plastic Surgery and Dental Aesthetics in TURKEY - Global Turkey Clinic","isPartOf":{"@id":"https:\/\/www.globalturkeyclinic.com\/#website"},"primaryImageOfPage":{"@id":"https:\/\/www.globalturkeyclinic.com\/fr\/tourisme-medical-en-turquie#primaryimage"},"image":{"@id":"https:\/\/www.globalturkeyclinic.com\/fr\/tourisme-medical-en-turquie#primaryimage"},"thumbnailUrl":"https:\/\/www.globalturkeyclinic.com\/wp-content\/uploads\/2020\/05\/health-tourism.jpg","datePublished":"2020-07-05T15:57:40+00:00","dateModified":"2020-07-05T15:57:40+00:00","breadcrumb":{"@id":"https:\/\/www.globalturkeyclinic.com\/fr\/tourisme-medical-en-turquie#breadcrumb"},"inLanguage":"fr-FR","potentialAction":[{"@type":"ReadAction","target":["https:\/\/www.globalturkeyclinic.com\/fr\/tourisme-medical-en-turquie"]}]},{"@type":"ImageObject","inLanguage":"fr-FR","@id":"https:\/\/www.globalturkeyclinic.com\/fr\/tourisme-medical-en-turquie#primaryimage","url":"https:\/\/www.globalturkeyclinic.com\/wp-content\/uploads\/2020\/05\/health-tourism.jpg","contentUrl":"https:\/\/www.globalturkeyclinic.com\/wp-content\/uploads\/2020\/05\/health-tourism.jpg","width":912,"height":489},{"@type":"BreadcrumbList","@id":"https:\/\/www.globalturkeyclinic.com\/fr\/tourisme-medical-en-turquie#breadcrumb","itemListElement":[{"@type":"ListItem","position":1,"name":"Home","item":"https:\/\/www.globalturkeyclinic.com\/fr"},{"@type":"ListItem","position":2,"name":"Tourisme m\u00e9dical en Turquie"}]},{"@type":"WebSite","@id":"https:\/\/www.globalturkeyclinic.com\/#website","url":"https:\/\/www.globalturkeyclinic.com\/","name":"Hair Transplant, Plastic Surgery and Dental Aesthetics in TURKEY - Global Turkey Clinic","description":"Hair Transplant, Plastic Surgery and Dental Aesthetics in TURKEY - Global Turkey Clinic","publisher":{"@id":"https:\/\/www.globalturkeyclinic.com\/#organization"},"potentialAction":[{"@type":"SearchAction","target":{"@type":"EntryPoint","urlTemplate":"https:\/\/www.globalturkeyclinic.com\/?s={search_term_string}"},"query-input":{"@type":"PropertyValueSpecification","valueRequired":true,"valueName":"search_term_string"}}],"inLanguage":"fr-FR"},{"@type":"Organization","@id":"https:\/\/www.globalturkeyclinic.com\/#organization","name":"Global Turkey Clinic","url":"https:\/\/www.globalturkeyclinic.com\/","logo":{"@type":"ImageObject","inLanguage":"fr-FR","@id":"https:\/\/www.globalturkeyclinic.com\/#\/schema\/logo\/image\/","url":"https:\/\/www.globalturkeyclinic.com\/wp-content\/uploads\/2020\/03\/logo-text.svg","contentUrl":"https:\/\/www.globalturkeyclinic.com\/wp-content\/uploads\/2020\/03\/logo-text.svg","width":"1024","height":"1024","caption":"Global Turkey Clinic"},"image":{"@id":"https:\/\/www.globalturkeyclinic.com\/#\/schema\/logo\/image\/"}}]}},"_links":{"self":[{"href":"https:\/\/www.globalturkeyclinic.com\/fr\/wp-json\/wp\/v2\/pages\/1504","targetHints":{"allow":["GET"]}}],"collection":[{"href":"https:\/\/www.globalturkeyclinic.com\/fr\/wp-json\/wp\/v2\/pages"}],"about":[{"href":"https:\/\/www.globalturkeyclinic.com\/fr\/wp-json\/wp\/v2\/types\/page"}],"author":[{"embeddable":true,"href":"https:\/\/www.globalturkeyclinic.com\/fr\/wp-json\/wp\/v2\/users\/1"}],"replies":[{"embeddable":true,"href":"https:\/\/www.globalturkeyclinic.com\/fr\/wp-json\/wp\/v2\/comments?post=1504"}],"version-history":[{"count":0,"href":"https:\/\/www.globalturkeyclinic.com\/fr\/wp-json\/wp\/v2\/pages\/1504\/revisions"}],"wp:featuredmedia":[{"embeddable":true,"href":"https:\/\/www.globalturkeyclinic.com\/fr\/wp-json\/wp\/v2\/media\/1505"}],"wp:attachment":[{"href":"https:\/\/www.globalturkeyclinic.com\/fr\/wp-json\/wp\/v2\/media?parent=1504"}],"curies":[{"name":"wp","href":"https:\/\/api.w.org\/{rel}","templated":true}]}}